{"id":31,"date":"2020-08-07T20:09:38","date_gmt":"2020-08-07T18:09:38","guid":{"rendered":"http:\/\/ocean-cric.com\/?page_id=31"},"modified":"2024-02-10T04:03:34","modified_gmt":"2024-02-10T03:03:34","slug":"accueil","status":"publish","type":"page","link":"https:\/\/ocean-cric.com\/","title":{"rendered":"Accueil"},"content":{"rendered":"\n<p class=\"has-white-color has-text-color has-large-font-size\">OFFRES CRIC ENTREPRISES, ACADEMY, NUM\u00c9RIQUE<\/p>\n\n\n\n<p class=\"has-light-green-cyan-color has-text-color has-larger-font-size\">OCEAN<\/p>\n\n\n<div class=\"alignright wp-elements-42fb359358be7370cbc7989f90486036 wp-block-calendar\"><table id=\"wp-calendar\" class=\"wp-calendar-table has-text-color has-white-color has-background has-black-background-color has-link-color\">\n\t<caption>avril 2026<\/caption>\n\t<thead>\n\t<tr>\n\t\t<th scope=\"col\" aria-label=\"lundi\">L<\/th>\n\t\t<th scope=\"col\" aria-label=\"mardi\">M<\/th>\n\t\t<th scope=\"col\" aria-label=\"mercredi\">M<\/th>\n\t\t<th scope=\"col\" aria-label=\"jeudi\">J<\/th>\n\t\t<th scope=\"col\" aria-label=\"vendredi\">V<\/th>\n\t\t<th scope=\"col\" aria-label=\"samedi\">S<\/th>\n\t\t<th scope=\"col\" aria-label=\"dimanche\">D<\/th>\n\t<\/tr>\n\t<\/thead>\n\t<tbody>\n\t<tr>\n\t\t<td colspan=\"2\" class=\"pad\">&nbsp;<\/td><td>1<\/td><td>2<\/td><td>3<\/td><td>4<\/td><td>5<\/td>\n\t<\/tr>\n\t<tr>\n\t\t<td>6<\/td><td>7<\/td><td>8<\/td><td id=\"today\">9<\/td><td>10<\/td><td>11<\/td><td>12<\/td>\n\t<\/tr>\n\t<tr>\n\t\t<td>13<\/td><td>14<\/td><td>15<\/td><td>16<\/td><td>17<\/td><td>18<\/td><td>19<\/td>\n\t<\/tr>\n\t<tr>\n\t\t<td>20<\/td><td>21<\/td><td>22<\/td><td>23<\/td><td>24<\/td><td>25<\/td><td>26<\/td>\n\t<\/tr>\n\t<tr>\n\t\t<td>27<\/td><td>28<\/td><td>29<\/td><td>30<\/td>\n\t\t<td class=\"pad\" colspan=\"3\">&nbsp;<\/td>\n\t<\/tr>\n\t<\/tbody>\n\t<\/table><nav aria-label=\"Mois pr\u00e9c\u00e9dents et suivants\" class=\"wp-calendar-nav\">\n\t\t<span class=\"wp-calendar-nav-prev\"><a href=\"https:\/\/ocean-cric.com\/index.php\/2020\/08\/\">&laquo; Ao\u00fbt<\/a><\/span>\n\t\t<span class=\"pad\">&nbsp;<\/span>\n\t\t<span class=\"wp-calendar-nav-next\">&nbsp;<\/span>\n\t<\/nav><\/div>\n\n\n<p class=\"has-light-green-cyan-color has-text-color has-large-font-size\">Soci\u00e9t\u00e9 par actions simplifi\u00e9e (Soci\u00e9t\u00e9 \u00e0 associ\u00e9 unique)<br>887 793 289 R.C.S.<\/p>\n\n\n\n<p class=\"has-light-green-cyan-color has-text-color has-large-font-size\">Adresse du si\u00e8ge 14 Impasse Barth\u00e8re &#8211; 31300 Toulouse<\/p>\n\n\n\n<p class=\"has-light-green-cyan-color has-text-color has-large-font-size\">Activit\u00e9s principales <\/p>\n\n\n\n<p class=\"has-light-green-cyan-color has-text-color has-large-font-size\">La promotion et le d\u00e9veloppement d&rsquo;ing\u00e9nierie de formation professionnelle<br>et de formation en alternance via l&rsquo;apprentissage et la professionnalisation.<br>Les prestations de services dans le conseil, la gestion et la digitalisation de la<br>formation, le d\u00e9veloppement des nouvelles technologies de communication,<br>secr\u00e9tariat et informatique, support business.<\/p>\n\n\n\n<ul class=\"wp-block-social-links is-layout-flex wp-block-social-links-is-layout-flex\"><li class=\"wp-social-link wp-social-link-wordpress  wp-block-social-link\"><a href=\"https:\/\/wordpress.org\" class=\"wp-block-social-link-anchor\"><svg width=\"24\" height=\"24\" viewBox=\"0 0 24 24\" version=\"1.1\" xmlns=\"http:\/\/www.w3.org\/2000\/svg\" aria-hidden=\"true\" focusable=\"false\"><path d=\"M12.158,12.786L9.46,20.625c0.806,0.237,1.657,0.366,2.54,0.366c1.047,0,2.051-0.181,2.986-0.51 c-0.024-0.038-0.046-0.079-0.065-0.124L12.158,12.786z M3.009,12c0,3.559,2.068,6.634,5.067,8.092L3.788,8.341 C3.289,9.459,3.009,10.696,3.009,12z M18.069,11.546c0-1.112-0.399-1.881-0.741-2.48c-0.456-0.741-0.883-1.368-0.883-2.109 c0-0.826,0.627-1.596,1.51-1.596c0.04,0,0.078,0.005,0.116,0.007C16.472,3.904,14.34,3.009,12,3.009 c-3.141,0-5.904,1.612-7.512,4.052c0.211,0.007,0.41,0.011,0.579,0.011c0.94,0,2.396-0.114,2.396-0.114 C7.947,6.93,8.004,7.642,7.52,7.699c0,0-0.487,0.057-1.029,0.085l3.274,9.739l1.968-5.901l-1.401-3.838 C9.848,7.756,9.389,7.699,9.389,7.699C8.904,7.67,8.961,6.93,9.446,6.958c0,0,1.484,0.114,2.368,0.114 c0.94,0,2.397-0.114,2.397-0.114c0.485-0.028,0.542,0.684,0.057,0.741c0,0-0.488,0.057-1.029,0.085l3.249,9.665l0.897-2.996 C17.841,13.284,18.069,12.316,18.069,11.546z M19.889,7.686c0.039,0.286,0.06,0.593,0.06,0.924c0,0.912-0.171,1.938-0.684,3.22 l-2.746,7.94c2.673-1.558,4.47-4.454,4.47-7.771C20.991,10.436,20.591,8.967,19.889,7.686z M12,22C6.486,22,2,17.514,2,12 C2,6.486,6.486,2,12,2c5.514,0,10,4.486,10,10C22,17.514,17.514,22,12,22z\"><\/path><\/svg><span class=\"wp-block-social-link-label screen-reader-text\">WordPress<\/span><\/a><\/li>\n\n\n\n\n\n\n\n\n\n<\/ul>\n\n\n\n<p class=\"has-text-align-right has-vivid-purple-color has-text-color has-large-font-size\"><a href=\"mailto:contact@ocean-cric.com\" target=\"_blank\" rel=\"noreferrer noopener\">contact@ocean-cric.com<\/a><\/p>\n","protected":false},"excerpt":{"rendered":"<p>OFFRES CRIC ENTREPRISES, ACADEMY, NUM\u00c9RIQUE OCEAN Soci\u00e9t\u00e9 par actions simplifi\u00e9e (Soci\u00e9t\u00e9 \u00e0 associ\u00e9 unique)887 793 289 R.C.S. Adresse du si\u00e8ge 14 Impasse Barth\u00e8re &#8211; 31300 Toulouse Activit\u00e9s principales La promotion et le d\u00e9veloppement d&rsquo;ing\u00e9nierie de formation professionnelleet de formation en alternance via l&rsquo;apprentissage et la professionnalisation.Les prestations de services dans le conseil, la gestion et [&hellip;]<\/p>\n","protected":false},"author":1,"featured_media":0,"parent":0,"menu_order":0,"comment_status":"closed","ping_status":"closed","template":"","meta":{"footnotes":""},"class_list":["post-31","page","type-page","status-publish","hentry","wpbf-post"],"_links":{"self":[{"href":"https:\/\/ocean-cric.com\/index.php\/wp-json\/wp\/v2\/pages\/31","targetHints":{"allow":["GET"]}}],"collection":[{"href":"https:\/\/ocean-cric.com\/index.php\/wp-json\/wp\/v2\/pages"}],"about":[{"href":"https:\/\/ocean-cric.com\/index.php\/wp-json\/wp\/v2\/types\/page"}],"author":[{"embeddable":true,"href":"https:\/\/ocean-cric.com\/index.php\/wp-json\/wp\/v2\/users\/1"}],"replies":[{"embeddable":true,"href":"https:\/\/ocean-cric.com\/index.php\/wp-json\/wp\/v2\/comments?post=31"}],"version-history":[{"count":14,"href":"https:\/\/ocean-cric.com\/index.php\/wp-json\/wp\/v2\/pages\/31\/revisions"}],"predecessor-version":[{"id":72,"href":"https:\/\/ocean-cric.com\/index.php\/wp-json\/wp\/v2\/pages\/31\/revisions\/72"}],"wp:attachment":[{"href":"https:\/\/ocean-cric.com\/index.php\/wp-json\/wp\/v2\/media?parent=31"}],"curies":[{"name":"wp","href":"https:\/\/api.w.org\/{rel}","templated":true}]}}